{"id":85,"date":"2013-08-11T20:13:42","date_gmt":"2013-08-11T20:13:42","guid":{"rendered":"http:\/\/localhost:8888\/test\/?page_id=545"},"modified":"2023-07-18T01:51:05","modified_gmt":"2023-07-18T01:51:05","slug":"faq","status":"publish","type":"page","link":"https:\/\/www.ica24.com.ar\/web\/faq\/","title":{"rendered":"FAQ"},"content":{"rendered":"\t<section class=\"section\" id=\"section_1350478410\">\n\t\t<div class=\"bg section-bg fill bg-fill  bg-loaded\" >\n\n\t\t\t\n\t\t\t\n\t\t\t\n\n\t\t<\/div>\n\n\t\t\n\n\t\t<div class=\"section-content relative\">\n\t\t\t\n\t<div id=\"gap-1743108574\" class=\"gap-element clearfix\" style=\"display:block; height:auto;\">\n\t\t\n<style>\n#gap-1743108574 {\n  padding-top: 30px;\n}\n<\/style>\n\t<\/div>\n\t\n<div class=\"row row-small align-middle\"  id=\"row-1078738817\">\n\n\t<div id=\"col-962107820\" class=\"col hide-for-medium medium-6 small-12 large-3\"  >\n\t\t\t\t<div class=\"col-inner\"  >\n\t\t\t\n\t\t\t\n\n  <div class=\"banner has-hover\" id=\"banner-318777148\">\n          <div class=\"banner-inner fill\">\n        <div class=\"banner-bg fill\" >\n            <div class=\"bg fill bg-fill \"><\/div>\n                                    \n                    <\/div>\n\t\t\n        <div class=\"banner-layers container\">\n            <div class=\"fill banner-link\"><\/div>            \n        <\/div>\n      <\/div>\n\n            \n<style>\n#banner-318777148 {\n  padding-top: 99.99%;\n  background-color: rgb(255, 255, 255);\n}\n#banner-318777148 .bg.bg-loaded {\n  background-image: url(https:\/\/www.ica24.com.ar\/web\/wp-content\/uploads\/2023\/07\/aa24-1-400x263-1.jpg);\n}\n#banner-318777148 .bg {\n  background-position: 91% 23%;\n}\n@media (min-width:550px) {\n  #banner-318777148 {\n    padding-top: 400px;\n  }\n}\n@media (min-width:850px) {\n  #banner-318777148 {\n    padding-top: 300px;\n  }\n}\n<\/style>\n  <\/div>\n\n\n\n  <div class=\"banner has-hover\" id=\"banner-378637646\">\n          <div class=\"banner-inner fill\">\n        <div class=\"banner-bg fill\" >\n            <div class=\"bg fill bg-fill \"><\/div>\n                                    \n                    <\/div>\n\t\t\n        <div class=\"banner-layers container\">\n            <div class=\"fill banner-link\"><\/div>            \n        <\/div>\n      <\/div>\n\n            \n<style>\n#banner-378637646 {\n  padding-top: 99.99%;\n  background-color: rgb(255, 255, 255);\n}\n#banner-378637646 .bg.bg-loaded {\n  background-image: url(https:\/\/www.ica24.com.ar\/web\/wp-content\/uploads\/2023\/07\/bici-home-600x395px-2-400x263-2.jpg);\n}\n#banner-378637646 .bg {\n  background-position: 42% 41%;\n}\n@media (min-width:550px) {\n  #banner-378637646 {\n    padding-top: 400px;\n  }\n}\n@media (min-width:850px) {\n  #banner-378637646 {\n    padding-top: 300px;\n  }\n}\n<\/style>\n  <\/div>\n\n\n\t\t<\/div>\n\t\t\t\t\t<\/div>\n\n\t\n\n\t<div id=\"col-352012964\" class=\"col hide-for-medium medium-6 small-12 large-3\"  >\n\t\t\t\t<div class=\"col-inner\"  >\n\t\t\t\n\t\t\t\n\n  <div class=\"banner has-hover\" id=\"banner-190519422\">\n          <div class=\"banner-inner fill\">\n        <div class=\"banner-bg fill\" >\n            <div class=\"bg fill bg-fill \"><\/div>\n                                    \n                    <\/div>\n\t\t\n        <div class=\"banner-layers container\">\n            <div class=\"fill banner-link\"><\/div>            \n        <\/div>\n      <\/div>\n\n            \n<style>\n#banner-190519422 {\n  padding-top: 99.99%;\n  background-color: rgb(255, 255, 255);\n}\n#banner-190519422 .bg.bg-loaded {\n  background-image: url(https:\/\/www.ica24.com.ar\/web\/wp-content\/uploads\/2023\/07\/moto-home-600px-400x263-1.jpg);\n}\n#banner-190519422 .bg {\n  background-position: 50% 78%;\n}\n@media (min-width:550px) {\n  #banner-190519422 {\n    padding-top: 400px;\n  }\n}\n@media (min-width:850px) {\n  #banner-190519422 {\n    padding-top: 420px;\n  }\n}\n<\/style>\n  <\/div>\n\n\n\t\t<\/div>\n\t\t\t\t\t<\/div>\n\n\t\n\n\t<div id=\"col-422563962\" class=\"col medium-12 small-12 large-6\"  >\n\t\t\t\t<div class=\"col-inner\"  >\n\t\t\t\n\t\t\t\n\t<div id=\"gap-1008138319\" class=\"gap-element clearfix\" style=\"display:block; height:auto;\">\n\t\t\n<style>\n#gap-1008138319 {\n  padding-top: 15px;\n}\n@media (min-width:850px) {\n  #gap-1008138319 {\n    padding-top: 30px;\n  }\n}\n<\/style>\n\t<\/div>\n\t\n\t<div id=\"text-3068356851\" class=\"text\">\n\t\t\n<h2>Repuestas a preguntas frecuentes<\/h2>\n\t\t\n<style>\n#text-3068356851 {\n  font-size: 1rem;\n}\n<\/style>\n\t<\/div>\n\t\n<p>Bienvenidos a la secci\u00f3n de Preguntas Frecuentes (FAQ) del Sitio ICA24 auxilio mec\u00e1nico. Nuestro objetivo es brindar un servicio transparente y eficiente a nuestros clientes, y esta secci\u00f3n est\u00e1 dise\u00f1ada para responder a las preguntas m\u00e1s comunes que puedas tener sobre nuestros servicios de auxilio mec\u00e1nico con gr\u00faas para autos y motos.<\/p>\n<p>\u00a0<\/p>\n\t\t<\/div>\n\t\t\t\t\n<style>\n#col-422563962 > .col-inner {\n  padding: 0px 0px 0px 0;\n}\n@media (min-width:850px) {\n  #col-422563962 > .col-inner {\n    padding: 0px 0px 0px 10%;\n  }\n}\n<\/style>\n\t<\/div>\n\n\t\n<\/div>\n\t\t<\/div>\n\n\t\t\n<style>\n#section_1350478410 {\n  padding-top: 30px;\n  padding-bottom: 30px;\n}\n<\/style>\n\t<\/section>\n\t\n\t<div id=\"gap-1932770462\" class=\"gap-element clearfix\" style=\"display:block; height:auto;\">\n\t\t\n<style>\n#gap-1932770462 {\n  padding-top: 50px;\n}\n<\/style>\n\t<\/div>\n\t\n<div class=\"accordion\">\n\t<div id=\"accordion-1091682292\" class=\"accordion-item\">\n\t\t<a id=\"accordion-1091682292-label\" class=\"accordion-title plain\" href=\"#accordion-item-\u00bfcu\u00e1les_son_los_servicios_que_ofrece_un_servicio_de_auxilio_mec\u00e1nico_con_gr\u00faas_para_autos_y_motos?\" aria-expanded=\"false\" aria-controls=\"accordion-1091682292-content\" >\n\t\t\t<button class=\"toggle\" aria-label=\"Toggle\"><i class=\"icon-angle-down\"><\/i><\/button>\n\t\t\t<span>\u00bfCu\u00e1les son los servicios que ofrece un servicio de auxilio mec\u00e1nico con gr\u00faas para autos y motos?<\/span>\n\t\t<\/a>\n\t\t<div id=\"accordion-1091682292-content\" class=\"accordion-inner\" aria-labelledby=\"accordion-1091682292-label\" >\n\t\t\t\n<p>Un servicio de auxilio mec\u00e1nico con gr\u00faas para autos y motos ofrece una variedad de servicios, incluyendo remolque de veh\u00edculos averiados o accidentados, asistencia en carretera para problemas como bater\u00eda descargada, pinchazos de llantas, llaves perdidas o cerraduras bloqueadas, y rescate de veh\u00edculos atascados en terrenos dif\u00edciles.<\/p>\n\t\t<\/div>\n\t<\/div>\n\t\n\t<div id=\"accordion-2156859962\" class=\"accordion-item\">\n\t\t<a id=\"accordion-2156859962-label\" class=\"accordion-title plain\" href=\"#accordion-item-\u00bfcu\u00e1nto_tiempo_tarda_en_llegar_la_gr\u00faa_despu\u00e9s_de_solicitar_el_servicio_de_auxilio_mec\u00e1nico?\" aria-expanded=\"false\" aria-controls=\"accordion-2156859962-content\" >\n\t\t\t<button class=\"toggle\" aria-label=\"Toggle\"><i class=\"icon-angle-down\"><\/i><\/button>\n\t\t\t<span>\u00bfCu\u00e1nto tiempo tarda en llegar la gr\u00faa despu\u00e9s de solicitar el servicio de auxilio mec\u00e1nico?<\/span>\n\t\t<\/a>\n\t\t<div id=\"accordion-2156859962-content\" class=\"accordion-inner\" aria-labelledby=\"accordion-2156859962-label\" >\n\t\t\t\n<p>El tiempo de llegada de la gr\u00faa puede variar dependiendo de la ubicaci\u00f3n y la disponibilidad de los conductores. En general, los servicios de auxilio mec\u00e1nico intentan llegar lo m\u00e1s r\u00e1pido posible para brindar asistencia. En situaciones de emergencia, se priorizan los casos m\u00e1s urgentes.<\/p>\n\t\t<\/div>\n\t<\/div>\n\t\n\t<div id=\"accordion-3106961654\" class=\"accordion-item\">\n\t\t<a id=\"accordion-3106961654-label\" class=\"accordion-title plain\" href=\"#accordion-item-\u00bfcu\u00e1les_son_los_requisitos_para_solicitar_un_servicio_de_auxilio_mec\u00e1nico_con_gr\u00faas?\" aria-expanded=\"false\" aria-controls=\"accordion-3106961654-content\" >\n\t\t\t<button class=\"toggle\" aria-label=\"Toggle\"><i class=\"icon-angle-down\"><\/i><\/button>\n\t\t\t<span>\u00bfCu\u00e1les son los requisitos para solicitar un servicio de auxilio mec\u00e1nico con gr\u00faas?<\/span>\n\t\t<\/a>\n\t\t<div id=\"accordion-3106961654-content\" class=\"accordion-inner\" aria-labelledby=\"accordion-3106961654-label\" >\n\t\t\t\n<p>Por lo general, solo necesitas comunicarte con la empresa de servicios de auxilio mec\u00e1nico y proporcionar la siguiente informaci\u00f3n: tu ubicaci\u00f3n exacta, el tipo de veh\u00edculo (auto o moto) y una descripci\u00f3n breve del problema que est\u00e1s experimentando. Algunas empresas tambi\u00e9n pueden requerir informaci\u00f3n adicional, como el n\u00famero de matr\u00edcula del veh\u00edculo.<\/p>\n\t\t<\/div>\n\t<\/div>\n\t\n<\/div>\n","protected":false},"excerpt":{"rendered":"","protected":false},"author":2,"featured_media":0,"parent":0,"menu_order":0,"comment_status":"closed","ping_status":"closed","template":"","meta":{"_joinchat":[],"footnotes":""},"class_list":["post-85","page","type-page","status-publish","hentry"],"_links":{"self":[{"href":"https:\/\/www.ica24.com.ar\/web\/wp-json\/wp\/v2\/pages\/85","targetHints":{"allow":["GET"]}}],"collection":[{"href":"https:\/\/www.ica24.com.ar\/web\/wp-json\/wp\/v2\/pages"}],"about":[{"href":"https:\/\/www.ica24.com.ar\/web\/wp-json\/wp\/v2\/types\/page"}],"author":[{"embeddable":true,"href":"https:\/\/www.ica24.com.ar\/web\/wp-json\/wp\/v2\/users\/2"}],"replies":[{"embeddable":true,"href":"https:\/\/www.ica24.com.ar\/web\/wp-json\/wp\/v2\/comments?post=85"}],"version-history":[{"count":7,"href":"https:\/\/www.ica24.com.ar\/web\/wp-json\/wp\/v2\/pages\/85\/revisions"}],"predecessor-version":[{"id":433,"href":"https:\/\/www.ica24.com.ar\/web\/wp-json\/wp\/v2\/pages\/85\/revisions\/433"}],"wp:attachment":[{"href":"https:\/\/www.ica24.com.ar\/web\/wp-json\/wp\/v2\/media?parent=85"}],"curies":[{"name":"wp","href":"https:\/\/api.w.org\/{rel}","templated":true}]}}