{"id":604,"date":"2023-08-24T10:39:39","date_gmt":"2023-08-24T10:39:39","guid":{"rendered":"https:\/\/www.ica24.com.ar\/web\/?page_id=604"},"modified":"2023-09-25T15:13:38","modified_gmt":"2023-09-25T15:13:38","slug":"servicios","status":"publish","type":"page","link":"https:\/\/www.ica24.com.ar\/web\/servicios\/","title":{"rendered":"Servicios"},"content":{"rendered":"<h2>Nuestros servicios<\/h2>\n\t<section class=\"section\" id=\"section_1481098628\">\n\t\t<div class=\"bg section-bg fill bg-fill  bg-loaded\" >\n\n\t\t\t\n\t\t\t\n\t\t\t\n\n\t\t<\/div>\n\n\t\t\n\n\t\t<div class=\"section-content relative\">\n\t\t\t\n<div class=\"row row-large\"  id=\"row-1478948942\">\n\n\t<div id=\"col-484261152\" class=\"col medium-4 small-12 large-4\"  >\n\t\t\t\t<div class=\"col-inner\"  >\n\t\t\t\n\t\t\t\n\n\t\t<div class=\"icon-box featured-box icon-box-center text-center\"  >\n\t\t\t\t<div class=\"icon-box-text last-reset\">\n\t\t\t\t\t\t\t\t\t\n\t<div id=\"text-3615280336\" class=\"text\">\n\t\t\n<h2><span style=\"font-size: 75%;\">Traslado remolque del veh\u00edculo<\/span><\/h2>\n<p><span style=\"font-weight: 400;\">Traslado remolque y gr\u00faa para autom\u00f3viles bicicletas motos y utilitarios. Carencia para todos los planes 15 d\u00edas a partir de la afiliaci\u00f3n.<\/span><\/p>\n\t\t\n<style>\n#text-3615280336 {\n  font-size: 1rem;\n}\n<\/style>\n\t<\/div>\n\t\n\t\t<\/div>\n\t<\/div>\n\t\n\t\n\t\t<\/div>\n\t\t\t\t\t<\/div>\n\n\t\n\n\t<div id=\"col-1254002746\" class=\"col medium-4 small-12 large-4\"  >\n\t\t\t\t<div class=\"col-inner\"  >\n\t\t\t\n\t\t\t\n\n\t\t<div class=\"icon-box featured-box icon-box-center text-center\"  >\n\t\t\t\t<div class=\"icon-box-text last-reset\">\n\t\t\t\t\t\t\t\t\t\n\t<div id=\"text-414980658\" class=\"text\">\n\t\t\n<h2><span style=\"font-size: 75%;\">Abastecimiento de combustible<\/span><\/h2>\n<p><span style=\"font-weight: 400;\">Te llevamos el combustible que necesites para tu veh\u00edculo a donde te encuentres.<\/span><\/p>\n\t\t\n<style>\n#text-414980658 {\n  font-size: 1rem;\n}\n<\/style>\n\t<\/div>\n\t\n\t\t<\/div>\n\t<\/div>\n\t\n\t\n\t\t<\/div>\n\t\t\t\t\t<\/div>\n\n\t\n\n\t<div id=\"col-1583651369\" class=\"col medium-4 small-12 large-4\"  >\n\t\t\t\t<div class=\"col-inner\"  >\n\t\t\t\n\t\t\t\n\n\t\t<div class=\"icon-box featured-box icon-box-center text-center\"  >\n\t\t\t\t<div class=\"icon-box-text last-reset\">\n\t\t\t\t\t\t\t\t\t\n\t<div id=\"text-1609120856\" class=\"text\">\n\t\t\n<h2><span style=\"font-size: 75%;\">Mec\u00e1nica ligera<\/span><\/h2>\n<p><span style=\"font-weight: 400;\">Realizamos servicio de arranque para problemas de bater\u00eda. En el resto de los casos se traslada el veh\u00edculo a un taller mec\u00e1nico para ser asistido.<\/span><\/p>\n\t\t\n<style>\n#text-1609120856 {\n  font-size: 1rem;\n}\n<\/style>\n\t<\/div>\n\t\n\t\t<\/div>\n\t<\/div>\n\t\n\t\n\t\t<\/div>\n\t\t\t\t\t<\/div>\n\n\t\n<\/div>\n\t<div id=\"gap-506185440\" class=\"gap-element clearfix\" style=\"display:block; height:auto;\">\n\t\t\n<style>\n#gap-506185440 {\n  padding-top: 30px;\n}\n<\/style>\n\t<\/div>\n\t\n\t<div id=\"gap-1177844501\" class=\"gap-element clearfix\" style=\"display:block; height:auto;\">\n\t\t\n<style>\n#gap-1177844501 {\n  padding-top: 30px;\n}\n<\/style>\n\t<\/div>\n\t\n<div class=\"row row-large\"  id=\"row-1970748964\">\n\n\t<div id=\"col-596605792\" class=\"col medium-4 small-12 large-4\"  >\n\t\t\t\t<div class=\"col-inner\"  >\n\t\t\t\n\t\t\t\n\n\t\t<div class=\"icon-box featured-box icon-box-center text-center\"  >\n\t\t\t\t<div class=\"icon-box-text last-reset\">\n\t\t\t\t\t\t\t\t\t\n\t<div id=\"text-2418490024\" class=\"text\">\n\t\t\n<h2><span style=\"font-size: 75%;\">Localizaci\u00f3n y env\u00edo de repuestos<\/span><\/h2>\n<p>Lorem ipsum dolor sit amet adipiscing elit diam nonummy nibh euismod tincidunt ut laoreet aliquam.<\/p>\n\t\t\n<style>\n#text-2418490024 {\n  font-size: 1rem;\n}\n<\/style>\n\t<\/div>\n\t\n\t\t<\/div>\n\t<\/div>\n\t\n\t\n\t\t<\/div>\n\t\t\t\t\t<\/div>\n\n\t\n\n\t<div id=\"col-1626982789\" class=\"col medium-4 small-12 large-4\"  >\n\t\t\t\t<div class=\"col-inner\"  >\n\t\t\t\n\t\t\t\n\n\t\t<div class=\"icon-box featured-box icon-box-center text-center\"  >\n\t\t\t\t<div class=\"icon-box-text last-reset\">\n\t\t\t\t\t\t\t\t\t\n\t<div id=\"text-4056997112\" class=\"text\">\n\t\t\n<h2><span style=\"font-size: 75%;\">Extracci\u00f3n de veh\u00edculos encajados<\/span><\/h2>\n<p><span style=\"font-weight: 400;\">Extraemos tu veh\u00edculo de situaciones en las cuales no tenga tracci\u00f3n para salir.<\/span><\/p>\n\t\t\n<style>\n#text-4056997112 {\n  font-size: 1rem;\n}\n<\/style>\n\t<\/div>\n\t\n\t\t<\/div>\n\t<\/div>\n\t\n\t\n\t\t<\/div>\n\t\t\t\t\t<\/div>\n\n\t\n\n\t<div id=\"col-1938076153\" class=\"col medium-4 small-12 large-4\"  >\n\t\t\t\t<div class=\"col-inner\"  >\n\t\t\t\n\t\t\t\n\n\t\t<div class=\"icon-box featured-box icon-box-center text-center\"  >\n\t\t\t\t<div class=\"icon-box-text last-reset\">\n\t\t\t\t\t\t\t\t\t\n\t<div id=\"text-3752698316\" class=\"text\">\n\t\t\n<h2><span style=\"font-size: 75%;\">Dep\u00f3sito o custodia de veh\u00edculos siniestrados<\/span><\/h2>\n<p><span style=\"font-weight: 400;\">Buscamos el lugar m\u00e1s apropiado para tu comodidad y presupuesto para que tu veh\u00edculo siniestrado quede en dep\u00f3sito.<\/span><\/p>\n\t\t\n<style>\n#text-3752698316 {\n  font-size: 1rem;\n}\n<\/style>\n\t<\/div>\n\t\n\t\t<\/div>\n\t<\/div>\n\t\n\t\n\t\t<\/div>\n\t\t\t\t\t<\/div>\n\n\t\n<\/div>\n\t<div id=\"gap-734119962\" class=\"gap-element clearfix\" style=\"display:block; height:auto;\">\n\t\t\n<style>\n#gap-734119962 {\n  padding-top: 30px;\n}\n<\/style>\n\t<\/div>\n\t\n<div class=\"row row-large\"  id=\"row-1507061874\">\n\n\t<div id=\"col-1674695017\" class=\"col medium-4 small-12 large-4\"  >\n\t\t\t\t<div class=\"col-inner\"  >\n\t\t\t\n\t\t\t\n\n\t\t<div class=\"icon-box featured-box icon-box-center text-center\"  >\n\t\t\t\t<div class=\"icon-box-text last-reset\">\n\t\t\t\t\t\t\t\t\t\n\t<div id=\"text-1700894570\" class=\"text\">\n\t\t\n<h2><span style=\"font-size: 75%;\">Traslado de ocupantes<\/span><\/h2>\n<p><span style=\"font-weight: 400;\">Coordinamos el traslado a destino de Los ocupantes del veh\u00edculo averiado o siniestrado.<\/span><\/p>\n\t\t\n<style>\n#text-1700894570 {\n  font-size: 1rem;\n}\n<\/style>\n\t<\/div>\n\t\n\t\t<\/div>\n\t<\/div>\n\t\n\t\n\t\t<\/div>\n\t\t\t\t\t<\/div>\n\n\t\n\n\t<div id=\"col-1384532228\" class=\"col medium-4 small-12 large-4\"  >\n\t\t\t\t<div class=\"col-inner\"  >\n\t\t\t\n\t\t\t\n\n\t\t<div class=\"icon-box featured-box icon-box-center text-center\"  >\n\t\t\t\t<div class=\"icon-box-text last-reset\">\n\t\t\t\t\t\t\t\t\t\n\t<div id=\"text-2797971283\" class=\"text\">\n\t\t\n<h2><span style=\"font-size: 75%;\">Coordinar con remolque de su aseguradora<\/span><\/h2>\n<p><span style=\"font-weight: 400;\">Nos hacemos cargo en el momento que necesites la asistencia de contactar al remolque de tu compa\u00f1\u00eda de seguros y hacemos el seguimiento del servicio.<\/span><\/p>\n\t\t\n<style>\n#text-2797971283 {\n  font-size: 1rem;\n}\n<\/style>\n\t<\/div>\n\t\n\t\t<\/div>\n\t<\/div>\n\t\n\t\n\t\t<\/div>\n\t\t\t\t\t<\/div>\n\n\t\n\n\t<div id=\"col-467191793\" class=\"col medium-4 small-12 large-4\"  >\n\t\t\t\t<div class=\"col-inner\"  >\n\t\t\t\n\t\t\t\n\n\t\t<div class=\"icon-box featured-box icon-box-center text-center\"  >\n\t\t\t\t<div class=\"icon-box-text last-reset\">\n\t\t\t\t\t\t\t\t\t\n\t<div id=\"text-1847744113\" class=\"text\">\n\t\t\n<h2><span style=\"font-size: 75%;\">Facturaci\u00f3n para gestionar reintegros<\/span><\/h2>\n<p><span style=\"font-weight: 400;\">Te brindamos la factura detallada para que puedas gestionar el reintegro del servicio de remolque que debiste abonar en tu compa\u00f1\u00eda de seguros.<\/span><\/p>\n\t\t\n<style>\n#text-1847744113 {\n  font-size: 1rem;\n}\n<\/style>\n\t<\/div>\n\t\n\t\t<\/div>\n\t<\/div>\n\t\n\t\n\t\t<\/div>\n\t\t\t\t\t<\/div>\n\n\t\n<\/div>\n\t\t<\/div>\n\n\t\t\n<style>\n#section_1481098628 {\n  padding-top: 30px;\n  padding-bottom: 30px;\n}\n@media (min-width:550px) {\n  #section_1481098628 {\n    padding-top: 100px;\n    padding-bottom: 100px;\n  }\n}\n<\/style>\n\t<\/section>\n\t\n\t<section class=\"section dark\" id=\"section_290392572\">\n\t\t<div class=\"bg section-bg fill bg-fill  \" >\n\n\t\t\t\n\t\t\t<div class=\"section-bg-overlay absolute fill\"><\/div>\n\t\t\t\n\n\t\t<\/div>\n\n\t\t\n\n\t\t<div class=\"section-content relative\">\n\t\t\t\n<div class=\"row align-right\"  id=\"row-338500188\">\n\n\t<div id=\"col-346362618\" class=\"col medium-12 small-12 large-6\"  >\n\t\t\t\t<div class=\"col-inner text-center\"  >\n\t\t\t\n\t\t\t\n\t<div id=\"gap-651893921\" class=\"gap-element clearfix\" style=\"display:block; height:auto;\">\n\t\t\n<style>\n#gap-651893921 {\n  padding-top: 30px;\n}\n<\/style>\n\t<\/div>\n\t\n\t<div id=\"text-1066127480\" class=\"text\">\n\t\t\n<h2 class=\"uppercase\">no espere <br \/>a necesitarlo<\/h2>\n\t\t\n<style>\n#text-1066127480 {\n  font-size: 1.65rem;\n  text-align: center;\n}\n@media (min-width:850px) {\n  #text-1066127480 {\n    text-align: right;\n  }\n}\n<\/style>\n\t<\/div>\n\t\n\t<div id=\"text-1448840533\" class=\"text\">\n\t\t\n<p>Tenemos un plan para cada necesidad.<\/p>\n\t\t\n<style>\n#text-1448840533 {\n  text-align: center;\n}\n@media (min-width:850px) {\n  #text-1448840533 {\n    text-align: right;\n  }\n}\n<\/style>\n\t<\/div>\n\t\n\t<div id=\"stack-2089741530\" class=\"stack stack-row justify-end items-stretch sm:stack-col md:justify-center\">\n\t\t\n<a href=\"https:\/\/www.ica24.com.ar\/web\/contacto\/\" target=\"_self\" class=\"button white is-outline\"  style=\"padding:5px 30px 5px 30px;\">\n    <span>Contact\u00e1tenos ahora<\/span>\n  <\/a>\n\n\t\t\n<style>\n#stack-2089741530 > * {\n  --stack-gap: 0.75rem;\n}\n<\/style>\n\t<\/div>\n\t\n\t\t<\/div>\n\t\t\t\t\n<style>\n#col-346362618 > .col-inner {\n  padding: 0px 0 0px 0px;\n}\n@media (min-width:550px) {\n  #col-346362618 > .col-inner {\n    padding: 0px 10% 0px 10%;\n  }\n}\n<\/style>\n\t<\/div>\n\n\t\n<\/div>\n\t\t<\/div>\n\n\t\t\n<style>\n#section_290392572 {\n  padding-top: 30px;\n  padding-bottom: 30px;\n  min-height: 250px;\n  background-color: #005f8a;\n}\n#section_290392572 .section-bg-overlay {\n  background-color: rgba(0, 0, 0, 0.3);\n}\n#section_290392572 .section-bg.bg-loaded {\n  background-image: url(https:\/\/www.ica24.com.ar\/web\/wp-content\/uploads\/2023\/07\/tipos-de-gruas.jpg);\n}\n#section_290392572 .section-bg {\n  background-position: 49% 58%;\n}\n@media (min-width:550px) {\n  #section_290392572 .section-bg-overlay {\n    background-color: rgba(0, 95, 138, 0.64);\n  }\n}\n<\/style>\n\t<\/section>\n\t\n\t<section class=\"section\" id=\"section_537612796\">\n\t\t<div class=\"bg section-bg fill bg-fill  bg-loaded\" >\n\n\t\t\t\n\t\t\t\n\t\t\t\n\n\t\t<\/div>\n\n\t\t\n\n\t\t<div class=\"section-content relative\">\n\t\t\t\n<div class=\"row row-large\"  id=\"row-311866826\">\n\n\t<div id=\"col-1236606618\" class=\"col medium-4 small-12 large-4\"  >\n\t\t\t\t<div class=\"col-inner\"  >\n\t\t\t\n\t\t\t\n\n\t\t<div class=\"icon-box featured-box icon-box-center text-center\"  >\n\t\t\t\t<div class=\"icon-box-text last-reset\">\n\t\t\t\t\t\t\t\t\t\n\t<div id=\"text-2513847023\" class=\"text\">\n\t\t\n<h2><span style=\"font-size: 75%;\">Asistencia medica virtual 24hs (Llamando al doctor)<\/span><\/h2>\n<p><span style=\"font-weight: 400;\">Llamando al doctor es un servicio de telemedicina que asiste a todos nuestros afiliados con asistencia m\u00e9dica al tel\u00e9fono las 24 horas.<\/span><\/p>\n\t\t\n<style>\n#text-2513847023 {\n  font-size: 1rem;\n}\n<\/style>\n\t<\/div>\n\t\n\t\t<\/div>\n\t<\/div>\n\t\n\t\n\t\t<\/div>\n\t\t\t\t\t<\/div>\n\n\t\n\n\t<div id=\"col-192921143\" class=\"col medium-4 small-12 large-4\"  >\n\t\t\t\t<div class=\"col-inner\"  >\n\t\t\t\n\t\t\t\n\n\t\t<div class=\"icon-box featured-box icon-box-center text-center\"  >\n\t\t\t\t<div class=\"icon-box-text last-reset\">\n\t\t\t\t\t\t\t\t\t\n\t<div id=\"text-2096922836\" class=\"text\">\n\t\t\n<h2><span style=\"font-size: 75%;\">Asistencia legal<\/span><\/h2>\n<p><span style=\"font-weight: 400;\">Nuestro departamento legal est\u00e1 para asistirte por cualquier consulta derivada de un siniestro o asistencia o accidente.<\/span><\/p>\n\t\t\n<style>\n#text-2096922836 {\n  font-size: 1rem;\n}\n<\/style>\n\t<\/div>\n\t\n\t\t<\/div>\n\t<\/div>\n\t\n\t\n\t\t<\/div>\n\t\t\t\t\t<\/div>\n\n\t\n\n\t<div id=\"col-1193221132\" class=\"col medium-4 small-12 large-4\"  >\n\t\t\t\t<div class=\"col-inner\"  >\n\t\t\t\n\t\t\t\n\n\t\t<div class=\"icon-box featured-box icon-box-center text-center\"  >\n\t\t\t\t<div class=\"icon-box-text last-reset\">\n\t\t\t\t\t\t\t\t\t\n\t<div id=\"text-2010640970\" class=\"text\">\n\t\t\n<h2><span style=\"font-size: 75%;\">Asistencia telef\u00f3nica 24hs<\/span><\/h2>\n<p><span style=\"font-weight: 400;\">Nuestro equipo de guardia permanente est\u00e1 para asistir a nuestros afiliados y acompa\u00f1arlos las 24 horas del d\u00eda.<\/span><\/p>\n\t\t\n<style>\n#text-2010640970 {\n  font-size: 1rem;\n}\n<\/style>\n\t<\/div>\n\t\n\t\t<\/div>\n\t<\/div>\n\t\n\t\n\t\t<\/div>\n\t\t\t\t\t<\/div>\n\n\t\n<\/div>\n\t<div id=\"gap-1145163991\" class=\"gap-element clearfix\" style=\"display:block; height:auto;\">\n\t\t\n<style>\n#gap-1145163991 {\n  padding-top: 30px;\n}\n<\/style>\n\t<\/div>\n\t\n\t<div id=\"gap-1145392027\" class=\"gap-element clearfix\" style=\"display:block; height:auto;\">\n\t\t\n<style>\n#gap-1145392027 {\n  padding-top: 30px;\n}\n<\/style>\n\t<\/div>\n\t\n<div class=\"row row-large\"  id=\"row-1929389633\">\n\n\t<div id=\"col-1207797476\" class=\"col medium-4 small-12 large-4\"  >\n\t\t\t\t<div class=\"col-inner\"  >\n\t\t\t\n\t\t\t\n\n\t\t<div class=\"icon-box featured-box icon-box-center text-center\"  >\n\t\t\t\t<div class=\"icon-box-text last-reset\">\n\t\t\t\t\t\t\t\t\t\n\t<div id=\"text-1490445194\" class=\"text\">\n\t\t\n<h2><span style=\"font-size: 75%;\">Asistencia al hogar<\/span><\/h2>\n<p><span style=\"font-weight: 400;\">Algunos de nuestros planes cuentan con servicio de asistencia al hogar emergencias de cerrajer\u00eda electricidad y plomer\u00eda.<\/span><\/p>\n\t\t\n<style>\n#text-1490445194 {\n  font-size: 1rem;\n}\n<\/style>\n\t<\/div>\n\t\n\t\t<\/div>\n\t<\/div>\n\t\n\t\n\t\t<\/div>\n\t\t\t\t\t<\/div>\n\n\t\n\n\t<div id=\"col-772153147\" class=\"col medium-4 small-12 large-4\"  >\n\t\t\t\t<div class=\"col-inner\"  >\n\t\t\t\n\t\t\t\n\n\t\t<div class=\"icon-box featured-box icon-box-center text-center\"  >\n\t\t\t\t<div class=\"icon-box-text last-reset\">\n\t\t\t\t\t\t\t\t\t\n\t<div id=\"text-4290601918\" class=\"text\">\n\t\t\n<h2><span style=\"font-size: 75%;\">Asistencia al viajero<\/span><\/h2>\n<p><span style=\"font-weight: 400;\">Nacional e internacional por nuestro intermedio podr\u00e1 adquirir servicios de asistencia al viajero con importantes descuentos sobre los precios del mercado estamos vinculados con las principales empresas de asistencia al viajero a nivel nacional y mundial.<\/span><\/p>\n\t\t\n<style>\n#text-4290601918 {\n  font-size: 1rem;\n}\n<\/style>\n\t<\/div>\n\t\n\t\t<\/div>\n\t<\/div>\n\t\n\t\n\t\t<\/div>\n\t\t\t\t\t<\/div>\n\n\t\n\n\t<div id=\"col-1049285740\" class=\"col medium-4 small-12 large-4\"  >\n\t\t\t\t<div class=\"col-inner\"  >\n\t\t\t\n\t\t\t\n\n\t\t<div class=\"icon-box featured-box icon-box-center text-center\"  >\n\t\t\t\t<div class=\"icon-box-text last-reset\">\n\t\t\t\t\t\t\t\t\t\n\t<div id=\"text-803386931\" class=\"text\">\n\t\t\n<h2><span style=\"font-size: 75%;\">Asistencia tecnol\u00f3gica en inform\u00e1tica<\/span><\/h2>\n<p><span style=\"font-weight: 400;\">Podemos asistirlo en solucionar cualquier dificultad que pueda tener tecnol\u00f3gico o inform\u00e1tico a nivel usuario.<\/span><\/p>\n\t\t\n<style>\n#text-803386931 {\n  font-size: 1rem;\n}\n<\/style>\n\t<\/div>\n\t\n\t\t<\/div>\n\t<\/div>\n\t\n\t\n\t\t<\/div>\n\t\t\t\t\t<\/div>\n\n\t\n<\/div>\n\t<div id=\"gap-426511568\" class=\"gap-element clearfix\" style=\"display:block; height:auto;\">\n\t\t\n<style>\n#gap-426511568 {\n  padding-top: 30px;\n}\n<\/style>\n\t<\/div>\n\t\n<div class=\"row row-large\"  id=\"row-56873943\">\n\n\t<div id=\"col-462397141\" class=\"col medium-4 small-12 large-4\"  >\n\t\t\t\t<div class=\"col-inner\"  >\n\t\t\t\n\t\t\t\n\n\t\t<div class=\"icon-box featured-box icon-box-center text-center\"  >\n\t\t\t\t<div class=\"icon-box-text last-reset\">\n\t\t\t\t\t\t\t\t\t\n\t<div id=\"text-3025625687\" class=\"text\">\n\t\t\n<h2><span style=\"font-size: 75%;\">Asistencia de productor de seguros matriculado<\/span><\/h2>\n<p><span style=\"font-weight: 400;\">Las 24 horas: acceda a asesoramiento profesional ante cualquier consulta relacionado con su seguro en horario comercial y las 24 horas ante un siniestro o accidente.<\/span><\/p>\n\t\t\n<style>\n#text-3025625687 {\n  font-size: 1rem;\n}\n<\/style>\n\t<\/div>\n\t\n\t\t<\/div>\n\t<\/div>\n\t\n\t\n\t\t<\/div>\n\t\t\t\t\t<\/div>\n\n\t\n\n\t<div id=\"col-2045429540\" class=\"col medium-4 small-12 large-4\"  >\n\t\t\t\t<div class=\"col-inner\"  >\n\t\t\t\n\t\t\t\n\n\t\t<div class=\"icon-box featured-box icon-box-center text-center\"  >\n\t\t\t\t<div class=\"icon-box-text last-reset\">\n\t\t\t\t\t\t\t\t\t\n\t<div id=\"text-407566009\" class=\"text\">\n\t\t\n<h2><span style=\"font-size: 75%;\">Servicios de gestor\u00eda<\/span><\/h2>\n<p><span style=\"font-weight: 400;\">Nuestros planes cuentan con servicio de gestor\u00eda con honorarios sin cargo y asesoramiento en tr\u00e1mites.<\/span><\/p>\n\t\t\n<style>\n#text-407566009 {\n  font-size: 1rem;\n}\n<\/style>\n\t<\/div>\n\t\n\t\t<\/div>\n\t<\/div>\n\t\n\t\n\t\t<\/div>\n\t\t\t\t\t<\/div>\n\n\t\n\n\t<div id=\"col-675807730\" class=\"col medium-4 small-12 large-4\"  >\n\t\t\t\t<div class=\"col-inner\"  >\n\t\t\t\n\t\t\t\n\n\t\t<div class=\"icon-box featured-box icon-box-center text-center\"  >\n\t\t\t\t<div class=\"icon-box-text last-reset\">\n\t\t\t\t\t\t\t\t\t\n\t\t<\/div>\n\t<\/div>\n\t\n\t\n\t\t<\/div>\n\t\t\t\t\t<\/div>\n\n\t\n<\/div>\n\t\t<\/div>\n\n\t\t\n<style>\n#section_537612796 {\n  padding-top: 30px;\n  padding-bottom: 30px;\n}\n@media (min-width:550px) {\n  #section_537612796 {\n    padding-top: 100px;\n    padding-bottom: 100px;\n  }\n}\n<\/style>\n\t<\/section>\n\t\n","protected":false},"excerpt":{"rendered":"<p>Nuestros servicios<\/p>\n","protected":false},"author":2,"featured_media":0,"parent":0,"menu_order":0,"comment_status":"closed","ping_status":"closed","template":"","meta":{"_joinchat":[],"footnotes":""},"class_list":["post-604","page","type-page","status-publish","hentry"],"_links":{"self":[{"href":"https:\/\/www.ica24.com.ar\/web\/wp-json\/wp\/v2\/pages\/604","targetHints":{"allow":["GET"]}}],"collection":[{"href":"https:\/\/www.ica24.com.ar\/web\/wp-json\/wp\/v2\/pages"}],"about":[{"href":"https:\/\/www.ica24.com.ar\/web\/wp-json\/wp\/v2\/types\/page"}],"author":[{"embeddable":true,"href":"https:\/\/www.ica24.com.ar\/web\/wp-json\/wp\/v2\/users\/2"}],"replies":[{"embeddable":true,"href":"https:\/\/www.ica24.com.ar\/web\/wp-json\/wp\/v2\/comments?post=604"}],"version-history":[{"count":13,"href":"https:\/\/www.ica24.com.ar\/web\/wp-json\/wp\/v2\/pages\/604\/revisions"}],"predecessor-version":[{"id":669,"href":"https:\/\/www.ica24.com.ar\/web\/wp-json\/wp\/v2\/pages\/604\/revisions\/669"}],"wp:attachment":[{"href":"https:\/\/www.ica24.com.ar\/web\/wp-json\/wp\/v2\/media?parent=604"}],"curies":[{"name":"wp","href":"https:\/\/api.w.org\/{rel}","templated":true}]}}